{"id":21847,"date":"2024-02-25T18:17:44","date_gmt":"2024-02-25T18:17:44","guid":{"rendered":"https:\/\/belhospice.org\/a-multidisciplinary-approach-to-pain-therapy-for-physicians\/"},"modified":"2024-04-23T18:52:13","modified_gmt":"2024-04-23T18:52:13","slug":"a-multidisciplinary-approach-to-pain-therapy-for-physicians","status":"publish","type":"page","link":"https:\/\/belhospice.org\/en\/a-multidisciplinary-approach-to-pain-therapy-for-physicians\/","title":{"rendered":"A multidisciplinary approach to pain therapy for physicians"},"content":{"rendered":"<p>[et_pb_section fb_built=&#8221;1&#8243; _builder_version=&#8221;4.24.0&#8243; _module_preset=&#8221;default&#8221; global_colors_info=&#8221;{}&#8221;][et_pb_row _builder_version=&#8221;4.24.0&#8243; _module_preset=&#8221;default&#8221; global_colors_info=&#8221;{}&#8221;][et_pb_column type=&#8221;4_4&#8243; _builder_version=&#8221;4.24.0&#8243; _module_preset=&#8221;default&#8221; global_colors_info=&#8221;{}&#8221;][et_pb_heading title=&#8221;National seminar of the first category for doctors with the topic &#8221; _builder_version=&#8221;4.24.0&#8243; _module_preset=&#8221;default&#8221; title_text_align=&#8221;left&#8221; title_text_color=&#8221;#80ba26&#8243; title_line_height=&#8221;1.2em&#8221; custom_padding=&#8221;||25px||false|false&#8221; hover_enabled=&#8221;0&#8243; border_color_bottom=&#8221;#80ba26&#8243; global_colors_info=&#8221;{}&#8221; sticky_enabled=&#8221;0&#8243;][\/et_pb_heading][\/et_pb_column][\/et_pb_row][et_pb_row _builder_version=&#8221;4.24.0&#8243; _module_preset=&#8221;default&#8221; global_colors_info=&#8221;{}&#8221;][et_pb_column type=&#8221;4_4&#8243; _builder_version=&#8221;4.24.0&#8243; _module_preset=&#8221;default&#8221; global_colors_info=&#8221;{}&#8221;][et_pb_heading title=&#8221; &quot;Multidisciplinary approach in pain therapy&quot;.&#8221; _builder_version=&#8221;4.24.0&#8243; _module_preset=&#8221;default&#8221; title_text_color=&#8221;#80ba26&#8243; custom_margin=&#8221;-80px||||false|false&#8221; custom_padding=&#8221;||20px||false|false&#8221; border_width_bottom=&#8221;1px&#8221; border_color_bottom=&#8221;#80ba26&#8243; global_colors_info=&#8221;{}&#8221;][\/et_pb_heading][\/et_pb_column][\/et_pb_row][et_pb_row _builder_version=&#8221;4.24.0&#8243; _module_preset=&#8221;default&#8221; custom_margin=&#8221;-40px||||false|false&#8221; custom_padding=&#8221;||35px||false|false&#8221; border_width_bottom=&#8221;1px&#8221; border_color_bottom=&#8221;#80ba26&#8243; global_colors_info=&#8221;{}&#8221;][et_pb_column type=&#8221;4_4&#8243; _builder_version=&#8221;4.24.0&#8243; _module_preset=&#8221;default&#8221; global_colors_info=&#8221;{}&#8221;][et_pb_text _builder_version=&#8221;4.24.0&#8243; _module_preset=&#8221;default&#8221; hover_enabled=&#8221;0&#8243; global_colors_info=&#8221;{}&#8221; sticky_enabled=&#8221;0&#8243;]<\/p>\n<p>The lecturers are: Dr. med. Tomi Kova\u010devi\u0107, palliative care specialist, Maja \u0110or\u0111ijevi\u0107, MSc, and M.Sc. Mijodrag Bogi\u0107evi\u0107 graduated as a social worker. <\/p>\n<p>The lecture is intended for doctors. The lecture will be held in the premises of the BELhospice center for six hours and the participants will earn 6 points.<\/p>\n<p>The seminar will be held until August 21, 2024, with the precise date set in advance.<\/p>\n<p>Accreditation number of the decision of the health council: 153-02-347\/2023-01 under the number: A-1-1511\/23<\/p>\n<p>Number of points for participants: 6<\/p>\n<p>Registration fee: 3,000.00 dinars<\/p>\n<p>Application method: send application to mail: <span style=\"color: #0c71c3;\"><a href=\"mailto:maja979@yahoo.com\" style=\"color: #0c71c3;\">maja979@yahoo.com<\/a><\/span> <span>o<\/span><span>r <\/span> <span style=\"color: #0c71c3;\"><a href=\"mailto:maja.djordjijevic@belhospice.org\" style=\"color: #0c71c3;\">maja.djordjijevic@belhospice.org<\/a><\/span><\/p>\n<p>Method of payment: payment is made to the giro account no later than two days before the meeting<\/p>\n<p>Account for payment: 160-125194-78, Banca Intesa<\/p>\n<p>Purpose of payment: name of the topic of the meeting<\/p>\n<p>Recipient: BELhospice center, Dvadeseti Oktober 12a, Belgrade<\/p>\n<p>[\/et_pb_text][\/et_pb_column][\/et_pb_row][\/et_pb_section]<\/p>\n","protected":false},"excerpt":{"rendered":"<p>The lecturers are: Dr. med. Tomi Kova\u010devi\u0107, palliative care specialist, Maja \u0110or\u0111ijevi\u0107, MSc, and M.Sc. Mijodrag Bogi\u0107evi\u0107 graduated as a social worker. The lecture is intended for doctors. The lecture [&hellip;]<\/p>\n","protected":false},"author":1,"featured_media":0,"parent":0,"menu_order":0,"comment_status":"closed","ping_status":"closed","template":"","meta":{"_et_pb_use_builder":"on","_et_pb_old_content":"","_et_gb_content_width":"","footnotes":""},"class_list":["post-21847","page","type-page","status-publish","hentry"],"yoast_head":"<!-- This site is optimized with the Yoast SEO plugin v27.4 - https:\/\/yoast.com\/product\/yoast-seo-wordpress\/ -->\n<title>A multidisciplinary approach to pain therapy for physicians - BELHospice<\/title>\n<meta name=\"robots\" content=\"index, follow, max-snippet:-1, max-image-preview:large, max-video-preview:-1\" \/>\n<link rel=\"canonical\" href=\"https:\/\/belhospice.org\/en\/a-multidisciplinary-approach-to-pain-therapy-for-physicians\/\" \/>\n<meta property=\"og:locale\" content=\"en_US\" \/>\n<meta property=\"og:type\" content=\"article\" \/>\n<meta property=\"og:title\" content=\"A multidisciplinary approach to pain therapy for physicians - BELHospice\" \/>\n<meta property=\"og:description\" content=\"The lecturers are: Dr. med. Tomi Kova\u010devi\u0107, palliative care specialist, Maja \u0110or\u0111ijevi\u0107, MSc, and M.Sc. Mijodrag Bogi\u0107evi\u0107 graduated as a social worker. The lecture is intended for doctors. The lecture [&hellip;]\" \/>\n<meta property=\"og:url\" content=\"https:\/\/belhospice.org\/en\/a-multidisciplinary-approach-to-pain-therapy-for-physicians\/\" \/>\n<meta property=\"og:site_name\" content=\"BELHospice\" \/>\n<meta property=\"article:modified_time\" content=\"2024-04-23T18:52:13+00:00\" \/>\n<meta name=\"twitter:card\" content=\"summary_large_image\" \/>\n<meta name=\"twitter:label1\" content=\"Est. reading time\" \/>\n\t<meta name=\"twitter:data1\" content=\"2 minutes\" \/>\n<script type=\"application\/ld+json\" class=\"yoast-schema-graph\">{\"@context\":\"https:\\\/\\\/schema.org\",\"@graph\":[{\"@type\":\"WebPage\",\"@id\":\"https:\\\/\\\/belhospice.org\\\/en\\\/a-multidisciplinary-approach-to-pain-therapy-for-physicians\\\/\",\"url\":\"https:\\\/\\\/belhospice.org\\\/en\\\/a-multidisciplinary-approach-to-pain-therapy-for-physicians\\\/\",\"name\":\"A multidisciplinary approach to pain therapy for physicians - BELHospice\",\"isPartOf\":{\"@id\":\"https:\\\/\\\/belhospice.org\\\/#website\"},\"datePublished\":\"2024-02-25T18:17:44+00:00\",\"dateModified\":\"2024-04-23T18:52:13+00:00\",\"breadcrumb\":{\"@id\":\"https:\\\/\\\/belhospice.org\\\/en\\\/a-multidisciplinary-approach-to-pain-therapy-for-physicians\\\/#breadcrumb\"},\"inLanguage\":\"en-US\",\"potentialAction\":[{\"@type\":\"ReadAction\",\"target\":[\"https:\\\/\\\/belhospice.org\\\/en\\\/a-multidisciplinary-approach-to-pain-therapy-for-physicians\\\/\"]}]},{\"@type\":\"BreadcrumbList\",\"@id\":\"https:\\\/\\\/belhospice.org\\\/en\\\/a-multidisciplinary-approach-to-pain-therapy-for-physicians\\\/#breadcrumb\",\"itemListElement\":[{\"@type\":\"ListItem\",\"position\":1,\"name\":\"Home\",\"item\":\"https:\\\/\\\/belhospice.org\\\/en\\\/home\\\/\"},{\"@type\":\"ListItem\",\"position\":2,\"name\":\"A multidisciplinary approach to pain therapy for physicians\"}]},{\"@type\":\"WebSite\",\"@id\":\"https:\\\/\\\/belhospice.org\\\/#website\",\"url\":\"https:\\\/\\\/belhospice.org\\\/\",\"name\":\"BELHospice\",\"description\":\"BELhospice je prva specijalizovana dobrotvorna organizacija u Srbiji koja pru\u017ea palijativno zbrinjavanje.\",\"potentialAction\":[{\"@type\":\"SearchAction\",\"target\":{\"@type\":\"EntryPoint\",\"urlTemplate\":\"https:\\\/\\\/belhospice.org\\\/?s={search_term_string}\"},\"query-input\":{\"@type\":\"PropertyValueSpecification\",\"valueRequired\":true,\"valueName\":\"search_term_string\"}}],\"inLanguage\":\"en-US\"}]}<\/script>\n<!-- \/ Yoast SEO plugin. -->","yoast_head_json":{"title":"A multidisciplinary approach to pain therapy for physicians - BELHospice","robots":{"index":"index","follow":"follow","max-snippet":"max-snippet:-1","max-image-preview":"max-image-preview:large","max-video-preview":"max-video-preview:-1"},"canonical":"https:\/\/belhospice.org\/en\/a-multidisciplinary-approach-to-pain-therapy-for-physicians\/","og_locale":"en_US","og_type":"article","og_title":"A multidisciplinary approach to pain therapy for physicians - BELHospice","og_description":"The lecturers are: Dr. med. Tomi Kova\u010devi\u0107, palliative care specialist, Maja \u0110or\u0111ijevi\u0107, MSc, and M.Sc. Mijodrag Bogi\u0107evi\u0107 graduated as a social worker. The lecture is intended for doctors. The lecture [&hellip;]","og_url":"https:\/\/belhospice.org\/en\/a-multidisciplinary-approach-to-pain-therapy-for-physicians\/","og_site_name":"BELHospice","article_modified_time":"2024-04-23T18:52:13+00:00","twitter_card":"summary_large_image","twitter_misc":{"Est. reading time":"2 minutes"},"schema":{"@context":"https:\/\/schema.org","@graph":[{"@type":"WebPage","@id":"https:\/\/belhospice.org\/en\/a-multidisciplinary-approach-to-pain-therapy-for-physicians\/","url":"https:\/\/belhospice.org\/en\/a-multidisciplinary-approach-to-pain-therapy-for-physicians\/","name":"A multidisciplinary approach to pain therapy for physicians - BELHospice","isPartOf":{"@id":"https:\/\/belhospice.org\/#website"},"datePublished":"2024-02-25T18:17:44+00:00","dateModified":"2024-04-23T18:52:13+00:00","breadcrumb":{"@id":"https:\/\/belhospice.org\/en\/a-multidisciplinary-approach-to-pain-therapy-for-physicians\/#breadcrumb"},"inLanguage":"en-US","potentialAction":[{"@type":"ReadAction","target":["https:\/\/belhospice.org\/en\/a-multidisciplinary-approach-to-pain-therapy-for-physicians\/"]}]},{"@type":"BreadcrumbList","@id":"https:\/\/belhospice.org\/en\/a-multidisciplinary-approach-to-pain-therapy-for-physicians\/#breadcrumb","itemListElement":[{"@type":"ListItem","position":1,"name":"Home","item":"https:\/\/belhospice.org\/en\/home\/"},{"@type":"ListItem","position":2,"name":"A multidisciplinary approach to pain therapy for physicians"}]},{"@type":"WebSite","@id":"https:\/\/belhospice.org\/#website","url":"https:\/\/belhospice.org\/","name":"BELHospice","description":"BELhospice je prva specijalizovana dobrotvorna organizacija u Srbiji koja pru\u017ea palijativno zbrinjavanje.","potentialAction":[{"@type":"SearchAction","target":{"@type":"EntryPoint","urlTemplate":"https:\/\/belhospice.org\/?s={search_term_string}"},"query-input":{"@type":"PropertyValueSpecification","valueRequired":true,"valueName":"search_term_string"}}],"inLanguage":"en-US"}]}},"_links":{"self":[{"href":"https:\/\/belhospice.org\/en\/wp-json\/wp\/v2\/pages\/21847","targetHints":{"allow":["GET"]}}],"collection":[{"href":"https:\/\/belhospice.org\/en\/wp-json\/wp\/v2\/pages"}],"about":[{"href":"https:\/\/belhospice.org\/en\/wp-json\/wp\/v2\/types\/page"}],"author":[{"embeddable":true,"href":"https:\/\/belhospice.org\/en\/wp-json\/wp\/v2\/users\/1"}],"replies":[{"embeddable":true,"href":"https:\/\/belhospice.org\/en\/wp-json\/wp\/v2\/comments?post=21847"}],"version-history":[{"count":2,"href":"https:\/\/belhospice.org\/en\/wp-json\/wp\/v2\/pages\/21847\/revisions"}],"predecessor-version":[{"id":21849,"href":"https:\/\/belhospice.org\/en\/wp-json\/wp\/v2\/pages\/21847\/revisions\/21849"}],"wp:attachment":[{"href":"https:\/\/belhospice.org\/en\/wp-json\/wp\/v2\/media?parent=21847"}],"curies":[{"name":"wp","href":"https:\/\/api.w.org\/{rel}","templated":true}]}}