{"id":21856,"date":"2023-11-23T10:31:44","date_gmt":"2023-11-23T10:31:44","guid":{"rendered":"https:\/\/belhospice.org\/volunteer-application\/"},"modified":"2025-08-14T09:23:08","modified_gmt":"2025-08-14T09:23:08","slug":"volunteer-application","status":"publish","type":"page","link":"https:\/\/belhospice.org\/en\/volunteer-application\/","title":{"rendered":"Volunteer application"},"content":{"rendered":"<p>[et_pb_section fb_built=&#8221;1&#8243; _builder_version=&#8221;4.24.0&#8243; _module_preset=&#8221;default&#8221; global_colors_info=&#8221;{}&#8221;][et_pb_row _builder_version=&#8221;4.24.0&#8243; _module_preset=&#8221;default&#8221; global_colors_info=&#8221;{}&#8221;][et_pb_column type=&#8221;4_4&#8243; _builder_version=&#8221;4.24.0&#8243; _module_preset=&#8221;default&#8221; global_colors_info=&#8221;{}&#8221;][et_pb_text _builder_version=&#8221;4.24.0&#8243; _module_preset=&#8221;default&#8221; header_font=&#8221;|600|||||||&#8221; header_text_color=&#8221;#7BC043&#8243; header_font_size=&#8221;40px&#8221; global_colors_info=&#8221;{}&#8221;]<\/p>\n<h1><strong>Volunteer application<\/strong><\/h1>\n<p>[\/et_pb_text][et_pb_text _builder_version=&#8221;4.25.1&#8243; _module_preset=&#8221;default&#8221; global_colors_info=&#8221;{}&#8221;]<\/p>\n<p><strong>Volunteering in direct<a href=\"mailto:katarina.sivcevic@belhospice.org\"><\/a>work with patients<\/strong><\/p>\n<p>If you are interested in volunteering and working directly with patients, for additional information on volunteer training and engagement in supporting our patients, you can contact Maja \u0110or\u0111ijevi\u0107 at email: <strong><a href=\"mailto:maja.djordjijevic@belhospice.org\">maja.djordjijevic@belhospice.org<\/a><\/strong> or by phone at 060 85 79 841.<\/p>\n<p><strong>Volunteering in fundraising<\/strong><\/p>\n<p>If you want to become a BELhospice volunteer and support our fundraising activities, contact us at the e-mail address: <strong><a href=\"mailto:maja.djordjijevic@belhospice.org\">maja.djordjijevic@belhospice.org<\/a><\/strong><\/p>\n<p>Find out more about the experiences of our volunteers in the <strong><a href=\"https:\/\/belhospice.org\/en\/volunteer-stories\/\">Volunteer Stories<\/a><\/strong> on the page <strong><a href=\"https:\/\/belhospice.org\/en\/publications\/\">Publications<\/a><\/strong>.<\/p>\n<p>[\/et_pb_text][\/et_pb_column][\/et_pb_row][et_pb_row _builder_version=&#8221;4.24.0&#8243; _module_preset=&#8221;default&#8221; background_color=&#8221;#FFFFFF&#8221; custom_margin=&#8221;||150px||false|false&#8221; global_colors_info=&#8221;{}&#8221;][et_pb_column type=&#8221;4_4&#8243; _builder_version=&#8221;4.24.0&#8243; _module_preset=&#8221;default&#8221; global_colors_info=&#8221;{}&#8221;][dsm_contact_form_7 cf7_library=&#8221;21860&#8243; label_bottom_spacing=&#8221;20px&#8221; input_background_color=&#8221;#FFFFFF&#8221; file_padding=&#8221;10px|0px|10px|0px|true|true&#8221; file_background_color=&#8221;RGBA(255,255,255,0)&#8221; _builder_version=&#8221;4.27.2&#8243; _module_preset=&#8221;default&#8221; labels_text_color=&#8221;#000000&#8243; labels_line_height=&#8221;2.9em&#8221; file_text_align=&#8221;center&#8221; file_font_size=&#8221;15px&#8221; background_color=&#8221;#FFFFFF&#8221; custom_button_one=&#8221;on&#8221; button_one_text_color=&#8221;#000000&#8243; button_one_bg_color=&#8221;#FFFFFF&#8221; button_one_border_width=&#8221;1px&#8221; button_one_border_color=&#8221;#80ba26&#8243; hover_enabled=&#8221;0&#8243; border_width_all_image=&#8221;1px&#8221; border_color_all_image=&#8221;#80ba26&#8243; box_shadow_style=&#8221;preset1&#8243; global_colors_info=&#8221;{}&#8221; button_one_border_color__hover_enabled=&#8221;on|hover&#8221; button_one_border_color__hover=&#8221;#bf2c46&#8243; sticky_enabled=&#8221;0&#8243;][\/dsm_contact_form_7][\/et_pb_column][\/et_pb_row][\/et_pb_section]<\/p>\n","protected":false},"excerpt":{"rendered":"<p>Volunteer applicationVolunteering in directwork with patients If you are interested in volunteering and working directly with patients, for additional information on volunteer training and engagement in supporting our patients, you [&hellip;]<\/p>\n","protected":false},"author":1,"featured_media":0,"parent":0,"menu_order":0,"comment_status":"closed","ping_status":"closed","template":"","meta":{"_et_pb_use_builder":"on","_et_pb_old_content":"","_et_gb_content_width":"","footnotes":""},"class_list":["post-21856","page","type-page","status-publish","hentry"],"yoast_head":"<!-- This site is optimized with the Yoast SEO plugin v27.4 - https:\/\/yoast.com\/product\/yoast-seo-wordpress\/ -->\n<title>Volunteer application - BELHospice<\/title>\n<meta name=\"robots\" content=\"index, follow, max-snippet:-1, max-image-preview:large, max-video-preview:-1\" \/>\n<link rel=\"canonical\" href=\"https:\/\/belhospice.org\/en\/volunteer-application\/\" \/>\n<meta property=\"og:locale\" content=\"en_US\" \/>\n<meta property=\"og:type\" content=\"article\" \/>\n<meta property=\"og:title\" content=\"Volunteer application - BELHospice\" \/>\n<meta property=\"og:description\" content=\"Volunteer applicationVolunteering in directwork with patients If you are interested in volunteering and working directly with patients, for additional information on volunteer training and engagement in supporting our patients, you [&hellip;]\" \/>\n<meta property=\"og:url\" content=\"https:\/\/belhospice.org\/en\/volunteer-application\/\" \/>\n<meta property=\"og:site_name\" content=\"BELHospice\" \/>\n<meta property=\"article:modified_time\" content=\"2025-08-14T09:23:08+00:00\" \/>\n<meta name=\"twitter:card\" content=\"summary_large_image\" \/>\n<meta name=\"twitter:label1\" content=\"Est. reading time\" \/>\n\t<meta name=\"twitter:data1\" content=\"2 minutes\" \/>\n<script type=\"application\/ld+json\" class=\"yoast-schema-graph\">{\"@context\":\"https:\\\/\\\/schema.org\",\"@graph\":[{\"@type\":\"WebPage\",\"@id\":\"https:\\\/\\\/belhospice.org\\\/en\\\/volunteer-application\\\/\",\"url\":\"https:\\\/\\\/belhospice.org\\\/en\\\/volunteer-application\\\/\",\"name\":\"Volunteer application - BELHospice\",\"isPartOf\":{\"@id\":\"https:\\\/\\\/belhospice.org\\\/#website\"},\"datePublished\":\"2023-11-23T10:31:44+00:00\",\"dateModified\":\"2025-08-14T09:23:08+00:00\",\"breadcrumb\":{\"@id\":\"https:\\\/\\\/belhospice.org\\\/en\\\/volunteer-application\\\/#breadcrumb\"},\"inLanguage\":\"en-US\",\"potentialAction\":[{\"@type\":\"ReadAction\",\"target\":[\"https:\\\/\\\/belhospice.org\\\/en\\\/volunteer-application\\\/\"]}]},{\"@type\":\"BreadcrumbList\",\"@id\":\"https:\\\/\\\/belhospice.org\\\/en\\\/volunteer-application\\\/#breadcrumb\",\"itemListElement\":[{\"@type\":\"ListItem\",\"position\":1,\"name\":\"Home\",\"item\":\"https:\\\/\\\/belhospice.org\\\/en\\\/home\\\/\"},{\"@type\":\"ListItem\",\"position\":2,\"name\":\"Volunteer application\"}]},{\"@type\":\"WebSite\",\"@id\":\"https:\\\/\\\/belhospice.org\\\/#website\",\"url\":\"https:\\\/\\\/belhospice.org\\\/\",\"name\":\"BELHospice\",\"description\":\"BELhospice je prva specijalizovana dobrotvorna organizacija u Srbiji koja pru\u017ea palijativno zbrinjavanje.\",\"potentialAction\":[{\"@type\":\"SearchAction\",\"target\":{\"@type\":\"EntryPoint\",\"urlTemplate\":\"https:\\\/\\\/belhospice.org\\\/?s={search_term_string}\"},\"query-input\":{\"@type\":\"PropertyValueSpecification\",\"valueRequired\":true,\"valueName\":\"search_term_string\"}}],\"inLanguage\":\"en-US\"}]}<\/script>\n<!-- \/ Yoast SEO plugin. -->","yoast_head_json":{"title":"Volunteer application - BELHospice","robots":{"index":"index","follow":"follow","max-snippet":"max-snippet:-1","max-image-preview":"max-image-preview:large","max-video-preview":"max-video-preview:-1"},"canonical":"https:\/\/belhospice.org\/en\/volunteer-application\/","og_locale":"en_US","og_type":"article","og_title":"Volunteer application - BELHospice","og_description":"Volunteer applicationVolunteering in directwork with patients If you are interested in volunteering and working directly with patients, for additional information on volunteer training and engagement in supporting our patients, you [&hellip;]","og_url":"https:\/\/belhospice.org\/en\/volunteer-application\/","og_site_name":"BELHospice","article_modified_time":"2025-08-14T09:23:08+00:00","twitter_card":"summary_large_image","twitter_misc":{"Est. reading time":"2 minutes"},"schema":{"@context":"https:\/\/schema.org","@graph":[{"@type":"WebPage","@id":"https:\/\/belhospice.org\/en\/volunteer-application\/","url":"https:\/\/belhospice.org\/en\/volunteer-application\/","name":"Volunteer application - BELHospice","isPartOf":{"@id":"https:\/\/belhospice.org\/#website"},"datePublished":"2023-11-23T10:31:44+00:00","dateModified":"2025-08-14T09:23:08+00:00","breadcrumb":{"@id":"https:\/\/belhospice.org\/en\/volunteer-application\/#breadcrumb"},"inLanguage":"en-US","potentialAction":[{"@type":"ReadAction","target":["https:\/\/belhospice.org\/en\/volunteer-application\/"]}]},{"@type":"BreadcrumbList","@id":"https:\/\/belhospice.org\/en\/volunteer-application\/#breadcrumb","itemListElement":[{"@type":"ListItem","position":1,"name":"Home","item":"https:\/\/belhospice.org\/en\/home\/"},{"@type":"ListItem","position":2,"name":"Volunteer application"}]},{"@type":"WebSite","@id":"https:\/\/belhospice.org\/#website","url":"https:\/\/belhospice.org\/","name":"BELHospice","description":"BELhospice je prva specijalizovana dobrotvorna organizacija u Srbiji koja pru\u017ea palijativno zbrinjavanje.","potentialAction":[{"@type":"SearchAction","target":{"@type":"EntryPoint","urlTemplate":"https:\/\/belhospice.org\/?s={search_term_string}"},"query-input":{"@type":"PropertyValueSpecification","valueRequired":true,"valueName":"search_term_string"}}],"inLanguage":"en-US"}]}},"_links":{"self":[{"href":"https:\/\/belhospice.org\/en\/wp-json\/wp\/v2\/pages\/21856","targetHints":{"allow":["GET"]}}],"collection":[{"href":"https:\/\/belhospice.org\/en\/wp-json\/wp\/v2\/pages"}],"about":[{"href":"https:\/\/belhospice.org\/en\/wp-json\/wp\/v2\/types\/page"}],"author":[{"embeddable":true,"href":"https:\/\/belhospice.org\/en\/wp-json\/wp\/v2\/users\/1"}],"replies":[{"embeddable":true,"href":"https:\/\/belhospice.org\/en\/wp-json\/wp\/v2\/comments?post=21856"}],"version-history":[{"count":19,"href":"https:\/\/belhospice.org\/en\/wp-json\/wp\/v2\/pages\/21856\/revisions"}],"predecessor-version":[{"id":25834,"href":"https:\/\/belhospice.org\/en\/wp-json\/wp\/v2\/pages\/21856\/revisions\/25834"}],"wp:attachment":[{"href":"https:\/\/belhospice.org\/en\/wp-json\/wp\/v2\/media?parent=21856"}],"curies":[{"name":"wp","href":"https:\/\/api.w.org\/{rel}","templated":true}]}}